{"id":45,"date":"2022-07-14T09:24:56","date_gmt":"2022-07-14T09:24:56","guid":{"rendered":"http:\/\/vargaregina.hu\/?page_id=45"},"modified":"2026-03-03T12:59:57","modified_gmt":"2026-03-03T12:59:57","slug":"szolgaltatasok","status":"publish","type":"page","link":"https:\/\/vargaregina.hu\/?page_id=45","title":{"rendered":"Szolg\u00e1ltat\u00e1sok"},"content":{"rendered":"\t\t<div data-elementor-type=\"wp-page\" data-elementor-id=\"45\" class=\"elementor elementor-45\">\n\t\t\t\t\t\t<section class=\"elementor-section elementor-top-section elementor-element elementor-element-a199e91 elementor-section-boxed elementor-section-height-default elementor-section-height-default wpr-particle-no wpr-jarallax-no wpr-parallax-no wpr-sticky-section-no\" data-id=\"a199e91\" data-element_type=\"section\">\n\t\t\t\t\t\t<div class=\"elementor-container elementor-column-gap-default\">\n\t\t\t\t\t<div class=\"elementor-column elementor-col-33 elementor-top-column elementor-element elementor-element-d3a53f7\" data-id=\"d3a53f7\" data-element_type=\"column\">\n\t\t\t<div class=\"elementor-widget-wrap elementor-element-populated\">\n\t\t\t\t\t\t<section class=\"elementor-section elementor-inner-section elementor-element elementor-element-be287a0 elementor-section-boxed elementor-section-height-default elementor-section-height-default wpr-particle-no wpr-jarallax-no wpr-parallax-no wpr-sticky-section-no\" data-id=\"be287a0\" data-element_type=\"section\">\n\t\t\t\t\t\t<div class=\"elementor-container elementor-column-gap-default\">\n\t\t\t\t\t<div class=\"elementor-column elementor-col-100 elementor-inner-column elementor-element elementor-element-079ba18\" data-id=\"079ba18\" data-element_type=\"column\">\n\t\t\t<div class=\"elementor-widget-wrap elementor-element-populated\">\n\t\t\t\t\t\t<div class=\"elementor-element elementor-element-dd65ceb elementor-widget elementor-widget-image\" data-id=\"dd65ceb\" data-element_type=\"widget\" data-widget_type=\"image.default\">\n\t\t\t\t<div class=\"elementor-widget-container\">\n\t\t\t\t\t\t\t\t\t\t\t\t\t\t\t<img fetchpriority=\"high\" decoding=\"async\" width=\"640\" height=\"427\" src=\"https:\/\/vargaregina.hu\/wp-content\/uploads\/2025\/06\/492458841_1332091898079404_8116321044941671861_n-1024x683.jpg\" class=\"attachment-large size-large wp-image-2502\" alt=\"\" srcset=\"https:\/\/vargaregina.hu\/wp-content\/uploads\/2025\/06\/492458841_1332091898079404_8116321044941671861_n-1024x683.jpg 1024w, https:\/\/vargaregina.hu\/wp-content\/uploads\/2025\/06\/492458841_1332091898079404_8116321044941671861_n-300x200.jpg 300w, https:\/\/vargaregina.hu\/wp-content\/uploads\/2025\/06\/492458841_1332091898079404_8116321044941671861_n-768x512.jpg 768w, https:\/\/vargaregina.hu\/wp-content\/uploads\/2025\/06\/492458841_1332091898079404_8116321044941671861_n-1536x1024.jpg 1536w, https:\/\/vargaregina.hu\/wp-content\/uploads\/2025\/06\/492458841_1332091898079404_8116321044941671861_n.jpg 2048w\" sizes=\"(max-width: 640px) 100vw, 640px\" \/>\t\t\t\t\t\t\t\t\t\t\t\t\t\t\t<\/div>\n\t\t\t\t<\/div>\n\t\t\t\t<div class=\"elementor-element elementor-element-fd3399c elementor-widget__width-initial elementor-widget elementor-widget-text-editor\" data-id=\"fd3399c\" data-element_type=\"widget\" data-widget_type=\"text-editor.default\">\n\t\t\t\t<div class=\"elementor-widget-container\">\n\t\t\t\t\t\t\t\t\t<h2>Everest alapt\u00e1bor t\u00fara\u00a0<\/h2><p>Tarts vel\u00fcnk, \u00e9s \u00e9ld \u00e1t a Himal\u00e1ja l\u00e9legzetel\u00e1ll\u00edt\u00f3 var\u00e1zs\u00e1t, ami \u00f6r\u00f6kre megv\u00e1ltoztat!<\/p>\t\t\t\t\t\t\t\t<\/div>\n\t\t\t\t<\/div>\n\t\t\t\t<div class=\"elementor-element elementor-element-06ecf34 elementor-widget__width-initial elementor-widget elementor-widget-button\" data-id=\"06ecf34\" data-element_type=\"widget\" data-widget_type=\"button.default\">\n\t\t\t\t<div class=\"elementor-widget-container\">\n\t\t\t\t\t\t\t\t\t<div class=\"elementor-button-wrapper\">\n\t\t\t\t\t<a class=\"elementor-button elementor-button-link elementor-size-sm\" href=\"http:\/\/vargaregina.hu\/?p=2573\">\n\t\t\t\t\t\t<span class=\"elementor-button-content-wrapper\">\n\t\t\t\t\t\t<span class=\"elementor-button-icon\">\n\t\t\t\t<i aria-hidden=\"true\" class=\"fas fa-hiking\"><\/i>\t\t\t<\/span>\n\t\t\t\t\t\t\t\t\t<span class=\"elementor-button-text\">Kattints ide<\/span>\n\t\t\t\t\t<\/span>\n\t\t\t\t\t<\/a>\n\t\t\t\t<\/div>\n\t\t\t\t\t\t\t\t<\/div>\n\t\t\t\t<\/div>\n\t\t\t\t\t<\/div>\n\t\t<\/div>\n\t\t\t\t\t<\/div>\n\t\t<\/section>\n\t\t\t\t\t<\/div>\n\t\t<\/div>\n\t\t\t\t<div class=\"elementor-column elementor-col-33 elementor-top-column elementor-element elementor-element-0f7054c\" data-id=\"0f7054c\" data-element_type=\"column\">\n\t\t\t<div class=\"elementor-widget-wrap\">\n\t\t\t\t\t\t\t<\/div>\n\t\t<\/div>\n\t\t\t\t<div class=\"elementor-column elementor-col-33 elementor-top-column elementor-element elementor-element-3a57bb4\" data-id=\"3a57bb4\" data-element_type=\"column\">\n\t\t\t<div class=\"elementor-widget-wrap elementor-element-populated\">\n\t\t\t\t\t\t<section class=\"elementor-section elementor-inner-section elementor-element elementor-element-89ecc78 elementor-section-boxed elementor-section-height-default elementor-section-height-default wpr-particle-no wpr-jarallax-no wpr-parallax-no wpr-sticky-section-no\" data-id=\"89ecc78\" data-element_type=\"section\">\n\t\t\t\t\t\t<div class=\"elementor-container elementor-column-gap-default\">\n\t\t\t\t\t<div class=\"elementor-column elementor-col-100 elementor-inner-column elementor-element elementor-element-1ab9491\" data-id=\"1ab9491\" data-element_type=\"column\">\n\t\t\t<div class=\"elementor-widget-wrap elementor-element-populated\">\n\t\t\t\t\t\t<div class=\"elementor-element elementor-element-4f1a29b elementor-widget elementor-widget-image\" data-id=\"4f1a29b\" data-element_type=\"widget\" data-widget_type=\"image.default\">\n\t\t\t\t<div class=\"elementor-widget-container\">\n\t\t\t\t\t\t\t\t\t\t\t\t\t\t\t<img decoding=\"async\" width=\"640\" height=\"427\" src=\"https:\/\/vargaregina.hu\/wp-content\/uploads\/2025\/07\/475252746_1269839250971336_2867024545758736921_n-1024x683.jpg\" class=\"attachment-large size-large wp-image-3076\" alt=\"\" srcset=\"https:\/\/vargaregina.hu\/wp-content\/uploads\/2025\/07\/475252746_1269839250971336_2867024545758736921_n-1024x683.jpg 1024w, https:\/\/vargaregina.hu\/wp-content\/uploads\/2025\/07\/475252746_1269839250971336_2867024545758736921_n-300x200.jpg 300w, https:\/\/vargaregina.hu\/wp-content\/uploads\/2025\/07\/475252746_1269839250971336_2867024545758736921_n-768x512.jpg 768w, https:\/\/vargaregina.hu\/wp-content\/uploads\/2025\/07\/475252746_1269839250971336_2867024545758736921_n-1536x1024.jpg 1536w, https:\/\/vargaregina.hu\/wp-content\/uploads\/2025\/07\/475252746_1269839250971336_2867024545758736921_n.jpg 2048w\" sizes=\"(max-width: 640px) 100vw, 640px\" \/>\t\t\t\t\t\t\t\t\t\t\t\t\t\t\t<\/div>\n\t\t\t\t<\/div>\n\t\t\t\t\t<\/div>\n\t\t<\/div>\n\t\t\t\t\t<\/div>\n\t\t<\/section>\n\t\t\t\t<div class=\"elementor-element elementor-element-c7fa162 elementor-widget elementor-widget-text-editor\" data-id=\"c7fa162\" data-element_type=\"widget\" data-widget_type=\"text-editor.default\">\n\t\t\t\t<div class=\"elementor-widget-container\">\n\t\t\t\t\t\t\t\t\t<h2>Futtasd az elm\u00e9d! Sport ment\u00e1ltr\u00e9ningek<\/h2>\t\t\t\t\t\t\t\t<\/div>\n\t\t\t\t<\/div>\n\t\t\t\t<div class=\"elementor-element elementor-element-a2af513 elementor-widget elementor-widget-text-editor\" data-id=\"a2af513\" data-element_type=\"widget\" data-widget_type=\"text-editor.default\">\n\t\t\t\t<div class=\"elementor-widget-container\">\n\t\t\t\t\t\t\t\t\t<p>A modulok seg\u00edtenek abban, hogy sportol\u00f3i karriered sor\u00e1n kihozd a legjobb ment\u00e1lis teljes\u00edtm\u00e9nyed, mik\u00f6zben egy er\u0151s szem\u00e9lyis\u00e9get \u00e9p\u00edtesz, \u00e9s saj\u00e1t, hat\u00e9kony megk\u00fczd\u00e9si strat\u00e9gi\u00e1kat alak\u00edtasz ki a sikerhez!<\/p>\t\t\t\t\t\t\t\t<\/div>\n\t\t\t\t<\/div>\n\t\t\t\t<div class=\"elementor-element elementor-element-eb259df elementor-widget elementor-widget-button\" data-id=\"eb259df\" data-element_type=\"widget\" data-widget_type=\"button.default\">\n\t\t\t\t<div class=\"elementor-widget-container\">\n\t\t\t\t\t\t\t\t\t<div class=\"elementor-button-wrapper\">\n\t\t\t\t\t<a class=\"elementor-button elementor-size-sm\" role=\"button\">\n\t\t\t\t\t\t<span class=\"elementor-button-content-wrapper\">\n\t\t\t\t\t\t<span class=\"elementor-button-icon\">\n\t\t\t\t<i aria-hidden=\"true\" class=\"fas fa-hiking\"><\/i>\t\t\t<\/span>\n\t\t\t\t\t\t\t\t\t<span class=\"elementor-button-text\">Kattints ide<\/span>\n\t\t\t\t\t<\/span>\n\t\t\t\t\t<\/a>\n\t\t\t\t<\/div>\n\t\t\t\t\t\t\t\t<\/div>\n\t\t\t\t<\/div>\n\t\t\t\t\t<\/div>\n\t\t<\/div>\n\t\t\t\t\t<\/div>\n\t\t<\/section>\n\t\t\t\t<\/div>\n\t\t","protected":false},"excerpt":{"rendered":"<p>Everest alapt\u00e1bor t\u00fara\u00a0 Tarts vel\u00fcnk, \u00e9s \u00e9ld \u00e1t a Himal\u00e1ja l\u00e9legzetel\u00e1ll\u00edt\u00f3 var\u00e1zs\u00e1t, ami \u00f6r\u00f6kre megv\u00e1ltoztat! Kattints ide Futtasd az elm\u00e9d! Sport ment\u00e1ltr\u00e9ningek<\/p>\n<p class=\"link-more\"><a class=\"myButt \" href=\"https:\/\/vargaregina.hu\/?page_id=45\">Read More<\/a><\/p>\n","protected":false},"author":1,"featured_media":0,"parent":0,"menu_order":0,"comment_status":"closed","ping_status":"closed","template":"","meta":{"footnotes":""},"class_list":["post-45","page","type-page","status-publish","hentry"],"_links":{"self":[{"href":"https:\/\/vargaregina.hu\/index.php?rest_route=\/wp\/v2\/pages\/45","targetHints":{"allow":["GET"]}}],"collection":[{"href":"https:\/\/vargaregina.hu\/index.php?rest_route=\/wp\/v2\/pages"}],"about":[{"href":"https:\/\/vargaregina.hu\/index.php?rest_route=\/wp\/v2\/types\/page"}],"author":[{"embeddable":true,"href":"https:\/\/vargaregina.hu\/index.php?rest_route=\/wp\/v2\/users\/1"}],"replies":[{"embeddable":true,"href":"https:\/\/vargaregina.hu\/index.php?rest_route=%2Fwp%2Fv2%2Fcomments&post=45"}],"version-history":[{"count":258,"href":"https:\/\/vargaregina.hu\/index.php?rest_route=\/wp\/v2\/pages\/45\/revisions"}],"predecessor-version":[{"id":3168,"href":"https:\/\/vargaregina.hu\/index.php?rest_route=\/wp\/v2\/pages\/45\/revisions\/3168"}],"wp:attachment":[{"href":"https:\/\/vargaregina.hu\/index.php?rest_route=%2Fwp%2Fv2%2Fmedia&parent=45"}],"curies":[{"name":"wp","href":"https:\/\/api.w.org\/{rel}","templated":true}]}}